{"id":148,"date":"2025-05-05T17:08:57","date_gmt":"2025-05-05T17:08:57","guid":{"rendered":"https:\/\/beworksmartnow.com\/?page_id=148"},"modified":"2026-04-20T19:31:51","modified_gmt":"2026-04-20T19:31:51","slug":"terms-of-use","status":"publish","type":"page","link":"https:\/\/beworksmartnow.com\/de\/terms-of-use\/","title":{"rendered":"Nutzungsbedingungen"},"content":{"rendered":"<p>Zuletzt aktualisiert: 5. Mai 2025<\/p>\n\n\n\n<p>Be Work Smart Now ist verantwortlich f\u00fcr die Verwaltung und den Betrieb der Plattform verf\u00fcgbar unter<a href=\"https:\/\/beworksmartnow.com\/de\/\"> https:\/\/beworksmartnow.com<\/a>, das spezialisierte Inhalte, ausf\u00fchrliche Analysen und kuratierte Empfehlungen zu kostenlosen Kursen und Jobm\u00f6glichkeiten in verschiedenen L\u00e4ndern bietet.<\/p>\n\n\n\n<p>Unser Ziel besteht darin, den Benutzern dabei zu helfen, auf ihre Bed\u00fcrfnisse zugeschnittene Schulungsprogramme und Besch\u00e4ftigungsm\u00f6glichkeiten zu entdecken, zu bewerten und auszuw\u00e4hlen \u2013 sei es f\u00fcr die berufliche Weiterentwicklung, den Wiedereinstieg ins Berufsleben oder die pers\u00f6nliche Weiterentwicklung.<\/p>\n\n\n\n<h2 class=\"wp-block-heading\">Unser Qualit\u00e4tsversprechen<\/h2>\n\n\n\n<p>Be Work Smart Now wird vollst\u00e4ndig von einem engagierten Team entwickelt und gepflegt. Unser Ziel ist es, die Richtigkeit, Zuverl\u00e4ssigkeit und sorgf\u00e4ltige Pr\u00fcfung aller ver\u00f6ffentlichten Inhalte sicherzustellen. Wir legen Wert auf fundierte Analysen und wertvolle Beratung, damit Nutzer sich sicher in der Welt der internationalen Bildung und Besch\u00e4ftigung zurechtfinden.<\/p>\n\n\n\n<p>Durch die Nutzung unserer Website erkennen Besucher unsere Bedingungen, Richtlinien und Nutzungsbedingungen an und erkl\u00e4ren sich mit deren Einhaltung einverstanden. In diesem Dokument beziehen sich die Begriffe \u201ewir\u201c, \u201eunser\u201c und \u201euns\u201c auf Be Work Smart Now als unabh\u00e4ngiges Unternehmen, das die Plattform verwaltet.<\/p>\n\n\n\n<h2 class=\"wp-block-heading\">Unser Angebot<\/h2>\n\n\n\n<p>Als vertrauensw\u00fcrdige Plattform f\u00fcr die Entdeckung von Bildungs- und Berufschancen legt Be Work Smart Now Wert auf hochwertige Inhalte, praktische Anleitungen und Expertenwissen. Unsere Website bietet:<\/p>\n\n\n\n<ul>\n<li><strong>Detaillierte Kursbewertungen<\/strong> \u2013 Umfassende Bewertungen der Benutzerfreundlichkeit, der Lehrplanqualit\u00e4t und der Anwendbarkeit in der Praxis, die den Benutzern helfen, die St\u00e4rken und Schw\u00e4chen jedes Kurses zu verstehen.<\/li>\n\n\n\n<li><strong>Strategische Vergleiche<\/strong> \u2013 Vergleichende Bewertung von Kursen und Stellenangeboten anhand von Qualit\u00e4t, Zug\u00e4nglichkeit, Dauer, Zertifizierung und Besch\u00e4ftigungspotenzial.<\/li>\n\n\n\n<li><strong>Spezialisierte Empfehlungen<\/strong> \u2013 Kuratierte Auswahl aus verschiedenen Bereichen wie Technologie, Gesundheitswesen, Verwaltung, allgemeine Dienste und Sprachen, um sicherzustellen, dass Benutzer Zugriff auf die relevantesten M\u00f6glichkeiten haben.<\/li>\n<\/ul>\n\n\n\n<p>Unsere Inhalte richten sich an ein globales Publikum und sind regional zug\u00e4nglich und relevant. Ob Sie Trends in der beruflichen Weiterentwicklung verfolgen oder nach den neuesten kostenlosen Bildungsressourcen suchen \u2013 Be Work Smart Now bietet Ihnen die Informationen, die Ihren Weg bereichern.<\/p>\n\n\n\n<h2 class=\"wp-block-heading\">Privatsph\u00e4re und Datenschutz der Benutzer<\/h2>\n\n\n\n<p>Bei Be Work Smart Now haben Datenschutz und Datensicherheit h\u00f6chste Priorit\u00e4t. Unsere Datenschutzrichtlinie beschreibt klar und deutlich, wie wir personenbezogene Daten erheben, speichern und verarbeiten. Dabei halten wir uns an die geltenden Datenschutzbestimmungen wie LGPD, DSGVO und CCPA.<\/p>\n\n\n\n<p>Wir legen Wert auf Transparenz und verantwortungsvolles Datenmanagement und stellen sicher, dass alle Benutzer verstehen, wie mit ihren Daten bei der Interaktion mit unserer Plattform umgegangen wird.<\/p>\n\n\n\n<h2 class=\"wp-block-heading\">Nutzungsbedingungen<\/h2>\n\n\n\n<p>Diese Nutzungsbedingungen definieren die Rechte, Pflichten und Verantwortlichkeiten aller Nutzer, die auf die \u00fcber unsere Plattform angebotenen Dienste zugreifen und diese nutzen. Dieses Dokument beschreibt die ordnungsgem\u00e4\u00dfen Nutzungsregeln, die Nutzerpflichten und die Grenzen unserer Haftung als Inhaltsanbieter.<\/p>\n\n\n\n<p>Wir empfehlen allen Besuchern, die vollst\u00e4ndigen Nutzungsbedingungen auf unserer Website zu lesen, um sicherzustellen, dass sie die Nutzungsrichtlinien der Plattform vollst\u00e4ndig verstehen.<\/p>\n\n\n\n<p><strong>Durch die Nutzung von BE WORK SMART NOW erkl\u00e4ren Sie sich mit diesen Bedingungen einverstanden. Sollten Sie mit einer dieser Bedingungen nicht einverstanden sein, m\u00fcssen Sie die Nutzung unserer Dienste unverz\u00fcglich einstellen.<\/strong><\/p>\n\n\n\n<h2 class=\"wp-block-heading\">Artikel I \u2013 Einhaltung der Benutzervorschriften<\/h2>\n\n\n\n<p><strong>1.1<\/strong> Durch den Zugriff auf Be Work Smart Now best\u00e4tigen Sie, dass Sie die Nutzungsbedingungen und die Datenschutzrichtlinie gelesen und verstanden haben und ihnen zustimmen.<\/p>\n\n\n\n<p><strong>1.2<\/strong> Durch die Nutzung unserer Plattform best\u00e4tigen Sie, dass Sie mindestens 18 Jahre alt und gesch\u00e4ftsf\u00e4hig sind. Die fortgesetzte Nutzung der Plattform gilt als ausdr\u00fcckliche Zustimmung zu allen geltenden Bedingungen und Richtlinien.<\/p>\n\n\n\n<p><strong>1.3<\/strong> Wenn Sie die Teilnahmekriterien nicht erf\u00fcllen oder mit irgendeinem Teil dieser Bedingungen nicht einverstanden sind, m\u00fcssen Sie die Nutzung der Plattform und aller damit verbundenen Dienste unverz\u00fcglich einstellen.<\/p>\n\n\n\n<h2 class=\"wp-block-heading\">Artikel II \u2013 Kommunikation und Support<\/h2>\n\n\n\n<p><strong>2.1<\/strong> Be Work Smart Now bietet offizielle Kommunikationskan\u00e4le f\u00fcr Benutzer, die Support suchen, Probleme l\u00f6sen oder Feedback zu unserer Plattform, unseren Inhalten oder Diensten geben m\u00f6chten.<\/p>\n\n\n\n<p><strong>2.2<\/strong> F\u00fcr Hilfe oder allgemeine Anfragen kontaktieren Sie uns bitte \u00fcber unser offizielles Formular unter<a href=\"https:\/\/beworksmartnow.com\/de\/contato\/\"> <\/a><a href=\"https:\/\/beworksmartnow.com\/de\/contact\/\">https:\/\/beworksmartnow.com\/contact<\/a> f\u00fcr eine schnelle und angemessene Unterst\u00fctzung.<\/p>\n\n\n\n<h2 class=\"wp-block-heading\">Artikel III \u2013 Verantwortlichkeiten der Benutzer und der Plattform<\/h2>\n\n\n\n<p><strong>3.1<\/strong> Vor der Nutzung von Be Work Smart Now m\u00fcssen Nutzer die Nutzungsbedingungen und die Datenschutzrichtlinie lesen, verstehen und vollst\u00e4ndig akzeptieren. Die Einhaltung dieser Richtlinien ist f\u00fcr die ordnungsgem\u00e4\u00dfe Nutzung der Plattform unerl\u00e4sslich.<\/p>\n\n\n\n<p><strong>3.2<\/strong> Die Website kann Links zu Websites Dritter enthalten, die zus\u00e4tzliche Produkte, Dienstleistungen oder Inhalte anbieten. Be Work Smart Now hat jedoch keine Kontrolle \u00fcber solche externen Plattformen oder Transaktionen oder Interaktionen au\u00dferhalb unserer Dom\u00e4ne und \u00fcbernimmt hierf\u00fcr keine Verantwortung.<\/p>\n\n\n\n<p><strong>3.3<\/strong> Der Zugriff auf Websites Dritter erfolgt auf eigene Gefahr des Nutzers. Es liegt in der Verantwortung des Nutzers, die Nutzungsbedingungen, Datenschutzrichtlinien und Sicherheitspraktiken dieser externen Plattformen zu pr\u00fcfen und einzuhalten.<\/p>\n\n\n\n<p><strong>3.4<\/strong> Be Work Smart Now haftet nicht f\u00fcr Inhalte, Datenschutzpraktiken oder Servicebedingungen von Apps, Websites oder Diensten Dritter, auf die auf unserer Plattform verwiesen wird. Die Nutzung solcher Dienste ist eine pers\u00f6nliche Entscheidung und sollte mit Vorsicht angegangen werden.<\/p>\n\n\n\n<p><strong>3.5<\/strong> Nutzer sind daf\u00fcr verantwortlich, ihre Ger\u00e4te und pers\u00f6nlichen Daten vor Cyberbedrohungen wie Malware, Viren oder Phishing zu sch\u00fctzen. Be Work Smart Now haftet nicht f\u00fcr Datenverlust, Sicherheitsverletzungen oder Sch\u00e4den, die durch externe Websites, Downloads oder technische Schwachstellen entstehen.<\/p>\n\n\n\n<p><strong>3.6<\/strong> Obwohl wir uns um eine sichere und zuverl\u00e4ssige Plattform bem\u00fchen, k\u00f6nnen wir keinen unterbrechungsfreien Service garantieren. Es k\u00f6nnen St\u00f6rungen, Cybervorf\u00e4lle oder technische Ausf\u00e4lle au\u00dferhalb unserer Kontrolle auftreten. Be Work Smart Now haftet nicht f\u00fcr daraus resultierende Sch\u00e4den oder Verluste.<\/p>\n\n\n\n<p><strong>3.7<\/strong> Be Work Smart Now ist eine kostenlose Plattform und verlangt keine Geb\u00fchren oder finanzielle Verpflichtungen f\u00fcr den Zugriff auf Inhalte. Nutzer sollten vor Betrugsversuchen in unserem Namen wachsam sein. Verd\u00e4chtige Zahlungsanfragen m\u00fcssen umgehend gemeldet werden.<\/p>\n\n\n\n<p><strong>3.8<\/strong> Zum Schutz vor Phishing, Identit\u00e4tsdiebstahl oder sch\u00e4dlichen Nachrichten sollten Nutzer bei verd\u00e4chtigen Nachrichten, in denen nach pers\u00f6nlichen Daten gefragt wird oder die nicht verifizierte Anh\u00e4nge enthalten, wachsam sein. Bei verd\u00e4chtigen Aktivit\u00e4ten kontaktieren Sie uns bitte unter:<br><a href=\"https:\/\/beworksmartnow.com\/de\/contact\/\">https:\/\/beworksmartnow.com\/contact<\/a><\/p>\n\n\n\n<h2 class=\"wp-block-heading\">Artikel IV \u2013 Verbotenes Verhalten<\/h2>\n\n\n\n<p>Um eine sichere, ethische und verantwortungsvolle digitale Umgebung zu gew\u00e4hrleisten, verbietet Be Work Smart Now strengstens die folgenden Aktionen:<\/p>\n\n\n\n<ul>\n<li><strong>Beteiligung an illegalen Aktivit\u00e4ten<\/strong> \u2013 Die Nutzung der Plattform zur F\u00f6rderung, Durchf\u00fchrung oder Erm\u00f6glichung illegaler Handlungen ist strengstens untersagt.<\/li>\n\n\n\n<li><strong>Versto\u00df gegen gesetzliche Vorschriften<\/strong> \u2013 Alle Benutzer m\u00fcssen die geltenden lokalen, nationalen und internationalen Gesetze einhalten. Bei Nichteinhaltung k\u00f6nnen sofortige Abhilfema\u00dfnahmen ergriffen werden.<\/li>\n\n\n\n<li><strong>Verletzung von Rechten des geistigen Eigentums<\/strong> \u2013 Die unbefugte Vervielf\u00e4ltigung, \u00c4nderung, Verbreitung oder Verwendung urheberrechtlich gesch\u00fctzter Inhalte, Marken oder gesch\u00fctzter Materialien ist strengstens untersagt.<\/li>\n\n\n\n<li><strong>Bel\u00e4stigung, Diskriminierung oder Verleumdung<\/strong> \u2013 Wir tolerieren keine Drohungen, Hassreden, Diskriminierung oder diffamierende Handlungen aufgrund von Rasse, Geschlecht, Religion, Nationalit\u00e4t, Behinderung oder einer anderen gesch\u00fctzten Kategorie.<\/li>\n\n\n\n<li><strong>Verbreitung falscher oder irref\u00fchrender Informationen<\/strong> \u2013 Das Teilen betr\u00fcgerischer oder nicht verifizierbarer Inhalte ist verboten. Alle geteilten Informationen m\u00fcssen korrekt und fundiert sein.<\/li>\n\n\n\n<li><strong>Verbreitung von Schadsoftware<\/strong> \u2013 Die \u00dcbertragung von Viren, Malware, Spyware, Ransomware oder sonstigem sch\u00e4dlichen Code ist nicht gestattet.<\/li>\n\n\n\n<li><strong>Unbefugte Erhebung personenbezogener Daten<\/strong> \u2013 Nutzer d\u00fcrfen ohne ausdr\u00fcckliche Zustimmung oder unter Verletzung von Datenschutzgesetzen keine personenbezogenen Daten Dritter sammeln, speichern, verkaufen oder missbrauchen.<\/li>\n\n\n\n<li><strong>Betr\u00fcgerisches Verhalten<\/strong> \u2013 Phishing, Spam, Identit\u00e4tsdiebstahl, Identit\u00e4tsbetrug und betr\u00fcgerische Praktiken sind strengstens verboten.<\/li>\n\n\n\n<li><strong>Teilen unangemessener Inhalte<\/strong> \u2013 Die Ver\u00f6ffentlichung expliziten, gewaltt\u00e4tigen, obsz\u00f6nen oder unethischen Materials ist nicht gestattet.<\/li>\n\n\n\n<li><strong>Manipulation der Plattformsicherheit<\/strong> \u2013 Versuche, Sicherheitssysteme zu umgehen, zu manipulieren oder zu kompromittieren, einschlie\u00dflich Hacking oder unbefugtem Zugriff, sind streng verboten.<\/li>\n<\/ul>\n\n\n\n<p>Verst\u00f6\u00dfe k\u00f6nnen zur vor\u00fcbergehenden Sperrung oder dauerhaften Sperrung des Zugangs f\u00fchren. In schwerwiegenden F\u00e4llen beh\u00e4lt sich Be Work Smart Now das Recht vor, den Vorfall den Justizbeh\u00f6rden zu melden und entsprechende rechtliche Schritte einzuleiten.<\/p>\n\n\n\n<h2 class=\"wp-block-heading\">Artikel V \u2013 Gew\u00e4hrleistungsausschluss und Haftungsbeschr\u00e4nkung<\/h2>\n\n\n\n<p>Be Work Smart Now ist bestrebt, eine hochwertige und zuverl\u00e4ssige Plattform bereitzustellen. Wir garantieren jedoch nicht, dass unsere Dienste fehlerfrei, unterbrechungsfrei oder vollst\u00e4ndig sicher sind. Obwohl wir die Richtigkeit und Konsistenz der Inhalte gew\u00e4hrleisten m\u00f6chten, k\u00f6nnen wir die vollst\u00e4ndige Richtigkeit oder Zuverl\u00e4ssigkeit aller Inhalte, Dienste oder Ergebnisse nicht gew\u00e4hrleisten.<\/p>\n\n\n\n<p>Wir behalten uns au\u00dferdem das Recht vor, Teile der Plattform jederzeit und ohne vorherige Ank\u00fcndigung zu \u00e4ndern, auszusetzen oder einzustellen.<\/p>\n\n\n\n<p>Durch die Nutzung unserer Plattform erkennen Sie Folgendes an:<\/p>\n\n\n\n<ul>\n<li>Unsere Dienste werden \u201ewie besehen\u201c und \u201ewie verf\u00fcgbar\u201c bereitgestellt, ohne Garantien hinsichtlich Qualit\u00e4t, Wirksamkeit oder Eignung.<\/li>\n\n\n\n<li>Wir garantieren nicht, dass die Dienste den individuellen Vorlieben oder Erwartungen entsprechen.<\/li>\n\n\n\n<li>Wir \u00fcbernehmen keine Garantie f\u00fcr einen unterbrechungsfreien Service oder das Ausbleiben technischer Probleme.<\/li>\n\n\n\n<li>Es kann vorkommen, dass Inhalte den sich entwickelnden gesetzlichen oder beh\u00f6rdlichen Anforderungen nicht gen\u00fcgen.<\/li>\n\n\n\n<li>Wir sind nicht f\u00fcr Inhalte, Links oder Dienste Dritter verantwortlich und \u00fcbernehmen keine Gew\u00e4hr f\u00fcr deren Sicherheit oder Gesetzeskonformit\u00e4t.<\/li>\n<\/ul>\n\n\n\n<p>Be Work Smart Now, einschlie\u00dflich seiner Mitarbeiter, verbundenen Unternehmen, Partner, Dienstleister und Lizenzgeber, haftet nicht f\u00fcr direkte, indirekte, zuf\u00e4llige, Straf-, Sonder- oder Folgesch\u00e4den, die sich aus der Nutzung der Plattform ergeben, einschlie\u00dflich:<\/p>\n\n\n\n<ul>\n<li>Verlust von Einnahmen, Gesch\u00e4ftsm\u00f6glichkeiten oder potenziellen Eink\u00fcnften aufgrund von Plattforminhalten oder -diensten.<\/li>\n\n\n\n<li>Datenverlust, -besch\u00e4digung oder -verletzungen w\u00e4hrend der Speicherung oder \u00dcbertragung.<\/li>\n\n\n\n<li>Dienstunterbrechungen aufgrund technischer Ausf\u00e4lle, Cyber-Vorf\u00e4lle oder unvorhergesehener Ereignisse.<\/li>\n\n\n\n<li>Kosten, die bei der Suche nach Alternativen nach \u00c4nderungen oder Einstellung unserer Plattform entstehen.<\/li>\n\n\n\n<li>Finanzielle oder betriebliche Auswirkungen aufgrund der Unf\u00e4higkeit, die Plattform zu nutzen.<\/li>\n<\/ul>\n\n\n\n<p>Diese Einschr\u00e4nkungen gelten auch im Falle technischer oder sicherheitsrelevanter Fehler und auch dann, wenn Be Work Smart Now auf m\u00f6gliche Sch\u00e4den hingewiesen wurde.<\/p>\n\n\n\n<p>Indem Sie die Plattform weiterhin nutzen, stimmen Sie diesen Einschr\u00e4nkungen zu und verstehen, dass Be Work Smart Now keine Haftung f\u00fcr negative Folgen Ihrer Nutzung unserer Dienste \u00fcbernimmt.<\/p>\n\n\n\n<h2 class=\"wp-block-heading\">Artikel VI \u2013 Laufzeit und gesetzlicher Zeitrahmen<\/h2>\n\n\n\n<p>Die Nutzungsbedingungen f\u00fcr \u201eBe Work Smart Now\u201c bleiben auf unbestimmte Zeit g\u00fcltig, verbindlich und durchsetzbar, sofern sie nicht ausdr\u00fccklich von der Plattformverwaltung ge\u00e4ndert, aktualisiert oder widerrufen werden.<\/p>\n\n\n\n<p>Alle rechtlichen oder regulatorischen Anspr\u00fcche, die sich aus der Nutzung der Plattform ergeben, einschlie\u00dflich Angelegenheiten im Zusammenhang mit der Datenschutzrichtlinie, m\u00fcssen innerhalb von <strong>90 Tage<\/strong> ab dem Datum des Vorfalls oder Konflikts.<\/p>\n\n\n\n<p>Nach Ablauf dieser Frist geltend gemachte Anspr\u00fcche k\u00f6nnen als ung\u00fcltig und nicht durchsetzbar erachtet werden. Diese Beschr\u00e4nkung gew\u00e4hrleistet eine zeitnahe Beilegung von Streitigkeiten und die Betriebskontinuit\u00e4t der Plattform.<\/p>\n\n\n\n<h2 class=\"wp-block-heading\">Artikel VII \u2013 Geltendes Recht und Gerichtsstand<\/h2>\n\n\n\n<p>Die Auslegung, Durchsetzung und G\u00fcltigkeit dieser Nutzungsbedingungen und der Datenschutzrichtlinie unterliegen den einschl\u00e4gigen Bundesgesetzen, Zivilgesetzb\u00fcchern und geltenden Verbraucher- und Datenschutzbestimmungen.<\/p>\n\n\n\n<p>S\u00e4mtliche Streitigkeiten, Anspr\u00fcche oder Gerichtsverfahren unterliegen der ausschlie\u00dflichen Zust\u00e4ndigkeit der entsprechenden Gerichte gem\u00e4\u00df dem f\u00fcr digitale Plattformen und Online-Dienste geltenden Rechtsrahmen.<\/p>\n\n\n\n<p>Durch die Nutzung von Be Work Smart Now erkennen Sie an und akzeptieren, dass alle Rechtsangelegenheiten gem\u00e4\u00df geltendem Recht behandelt werden.<\/p>\n\n\n\n<h2 class=\"wp-block-heading\">Artikel VIII \u2013 Geistiges Eigentum und Inhaltsrechte<\/h2>\n\n\n\n<h3 class=\"wp-block-heading\"><strong>8.1 Urheber- und Eigentumsrechte<\/strong><\/h3>\n\n\n\n<p>Alle Inhalte von Be Work Smart Now \u2013 einschlie\u00dflich, aber nicht beschr\u00e4nkt auf Texte, Bilder, Grafiken, Videos, Software, Marken und Markenelemente \u2013 sind urheberrechtlich, markenrechtlich und durch geistiges Eigentum gesch\u00fctzt. Das Eigentum verbleibt ausschlie\u00dflich bei Be Work Smart Now oder lizenzierten Partnern.<\/p>\n\n\n\n<p>Die unbefugte Vervielf\u00e4ltigung, \u00c4nderung, Verbreitung, Ver\u00f6ffentlichung, \u00f6ffentliche Anzeige, \u00dcbertragung oder Erstellung abgeleiteter Werke ist ohne vorherige schriftliche Genehmigung strengstens untersagt.<\/p>\n\n\n\n<h3 class=\"wp-block-heading\"><strong>8.2 Haftungsausschluss f\u00fcr Inhalte Dritter<\/strong><\/h3>\n\n\n\n<p>Be Work Smart Now \u00fcbernimmt keine Verantwortung f\u00fcr nutzergenerierte Inhalte, Beitr\u00e4ge Dritter oder extern eingebettete Materialien. Dies umfasst Kommentare, Diskussionen, Social-Media-Inhalte und Integrationen aus externen Quellen.<\/p>\n\n\n\n<p>Nutzer werden aufgefordert, Informationen selbstst\u00e4ndig zu pr\u00fcfen, bevor sie sich darauf verlassen. Wir haften nicht f\u00fcr direkte oder indirekte Sch\u00e4den, die sich aus dem Vertrauen auf Plattforminhalte ergeben.<\/p>\n\n\n\n<h3 class=\"wp-block-heading\"><strong>8.3 Inhaltsverst\u00f6\u00dfe und Durchsetzung<\/strong><\/h3>\n\n\n\n<p>Be Work Smart Now beh\u00e4lt sich das ausschlie\u00dfliche Recht vor, Inhalte, die gegen unsere Bedingungen versto\u00dfen, zu entfernen, einzuschr\u00e4nken oder zu blockieren. Dies gilt auch f\u00fcr rechtswidrige, diffamierende, betr\u00fcgerische, beleidigende oder verletzende Inhalte.<\/p>\n\n\n\n<p>Wiederholte Verst\u00f6\u00dfe k\u00f6nnen nach alleinigem Ermessen der Plattformadministratoren zur Sperrung oder dauerhaften Deaktivierung des Kontos f\u00fchren.<\/p>\n\n\n\n<h2 class=\"wp-block-heading\">Artikel IX \u2013 \u00c4nderungen der Allgemeinen Gesch\u00e4ftsbedingungen<\/h2>\n\n\n\n<p>Be Work Smart Now beh\u00e4lt sich das Recht vor, Teile seiner Nutzungsbedingungen, Datenschutzrichtlinie oder Plattformdienste jederzeit und nach eigenem Ermessen mit oder ohne Vorank\u00fcndigung zu \u00e4ndern, zu aktualisieren oder einzustellen. Diese \u00c4nderungen k\u00f6nnen Folgendes umfassen:<\/p>\n\n\n\n<ul>\n<li>Service-Updates oder Funktionsanpassungen.<\/li>\n\n\n\n<li>Gesetzliche Anpassungen zur Einhaltung neuer Vorschriften.<\/li>\n\n\n\n<li>Richtlinienaktualisierungen.<\/li>\n\n\n\n<li>Beendigung bestimmter Funktionen oder Dienste.<\/li>\n<\/ul>\n\n\n\n<p>Nutzer sind daf\u00fcr verantwortlich, die Nutzungsbedingungen regelm\u00e4\u00dfig zu \u00fcberpr\u00fcfen, um \u00fcber \u00c4nderungen informiert zu bleiben. Die fortgesetzte Nutzung nach Aktualisierungen gilt als uneingeschr\u00e4nkte Zustimmung zu den \u00fcberarbeiteten Bedingungen.<\/p>\n\n\n\n<p>Be Work Smart Now haftet nicht f\u00fcr Verluste, Unterbrechungen oder Unannehmlichkeiten, die sich aus Service\u00e4nderungen, vor\u00fcbergehenden Aussetzungen oder der Einstellung der Plattform ergeben.<\/p>\n\n\n\n<p>Wenn Sie mit den \u00fcberarbeiteten Bedingungen nicht einverstanden sind, m\u00fcssen Sie die Nutzung der Site und aller damit verbundenen Dienste unverz\u00fcglich einstellen.<\/p>\n\n\n\n<h2 class=\"wp-block-heading\">Artikel X \u2013 Kontaktinformationen<\/h2>\n\n\n\n<p>Bei Fragen, Erl\u00e4uterungen oder Anfragen zu unseren Diensten, rechtlichen Richtlinien oder Plattformvorg\u00e4ngen k\u00f6nnen Benutzer von Be Work Smart Now uns \u00fcber unseren offiziellen Support-Kanal kontaktieren: <a href=\"https:\/\/beworksmartnow.com\/de\/contact\/\">https:\/\/beworksmartnow.com\/contact<\/a><\/p>\n\n\n\n<p>Wir bitten unsere Nutzer, uns Feedback zu geben, technische Probleme zu melden oder Supportanfragen zu stellen. Wir bem\u00fchen uns um eine schnelle Antwort, die Antwortzeiten k\u00f6nnen jedoch je nach Art und Komplexit\u00e4t der Anfrage variieren.<\/p>","protected":false},"excerpt":{"rendered":"<p>Letzte Aktualisierung: 5. Mai 2025 Be Work Smart Now ist verantwortlich f\u00fcr die Verwaltung und den Betrieb der Plattform unter https:\/\/beworksmartnow.com. Diese bietet spezialisierte Inhalte, detaillierte Analysen und kuratierte Empfehlungen zu kostenlosen Kursen und Stellenangeboten in verschiedenen L\u00e4ndern. Unser Ziel ist es, Nutzer bei der Suche, Bewertung und Auswahl von Schulungsprogrammen und Stellenangeboten zu unterst\u00fctzen.<\/p>","protected":false},"author":6,"featured_media":0,"parent":0,"menu_order":0,"comment_status":"closed","ping_status":"closed","template":"page-nosidebar.php","meta":{"footnotes":""},"yoast_head":"<!-- This site is optimized with the Yoast SEO plugin v23.3 - https:\/\/yoast.com\/wordpress\/plugins\/seo\/ -->\n<title>Terms of Use - Be Work Smart Now<\/title>\n<meta name=\"robots\" content=\"index, follow, max-snippet:-1, max-image-preview:large, max-video-preview:-1\" \/>\n<link rel=\"canonical\" href=\"https:\/\/beworksmartnow.com\/de\/terms-of-use\/\" \/>\n<meta property=\"og:locale\" content=\"de_DE\" \/>\n<meta property=\"og:type\" content=\"article\" \/>\n<meta property=\"og:title\" content=\"Terms of Use - Be Work Smart Now\" \/>\n<meta property=\"og:description\" content=\"Last updated: May 5, 2025 Be Work Smart Now is responsible for the management and operation of the platform available at https:\/\/beworksmartnow.com, which provides specialized content, in-depth analysis, and curated recommendations on free courses and job opportunities across various countries. Our goal is to assist users in discovering, evaluating, and selecting training programs and employment [&hellip;]\" \/>\n<meta property=\"og:url\" content=\"https:\/\/beworksmartnow.com\/de\/terms-of-use\/\" \/>\n<meta property=\"og:site_name\" content=\"Be Work Smart Now\" \/>\n<meta property=\"article:modified_time\" content=\"2026-04-20T19:31:51+00:00\" \/>\n<meta name=\"twitter:card\" content=\"summary_large_image\" \/>\n<meta name=\"twitter:label1\" content=\"Est. reading time\" \/>\n\t<meta name=\"twitter:data1\" content=\"9 Minuten\" \/>\n<script type=\"application\/ld+json\" class=\"yoast-schema-graph\">{\"@context\":\"https:\/\/schema.org\",\"@graph\":[{\"@type\":\"WebPage\",\"@id\":\"https:\/\/beworksmartnow.com\/terms-of-use\/\",\"url\":\"https:\/\/beworksmartnow.com\/terms-of-use\/\",\"name\":\"Terms of Use - Be Work Smart Now\",\"isPartOf\":{\"@id\":\"https:\/\/beworksmartnow.com\/#website\"},\"datePublished\":\"2025-05-05T17:08:57+00:00\",\"dateModified\":\"2026-04-20T19:31:51+00:00\",\"breadcrumb\":{\"@id\":\"https:\/\/beworksmartnow.com\/terms-of-use\/#breadcrumb\"},\"inLanguage\":\"de-DE\",\"potentialAction\":[{\"@type\":\"ReadAction\",\"target\":[\"https:\/\/beworksmartnow.com\/terms-of-use\/\"]}]},{\"@type\":\"BreadcrumbList\",\"@id\":\"https:\/\/beworksmartnow.com\/terms-of-use\/#breadcrumb\",\"itemListElement\":[{\"@type\":\"ListItem\",\"position\":1,\"name\":\"Home\",\"item\":\"https:\/\/beworksmartnow.com\/\"},{\"@type\":\"ListItem\",\"position\":2,\"name\":\"Terms of Use\"}]},{\"@type\":\"WebSite\",\"@id\":\"https:\/\/beworksmartnow.com\/#website\",\"url\":\"https:\/\/beworksmartnow.com\/\",\"name\":\"Be Work Smart Now\",\"description\":\"\",\"potentialAction\":[{\"@type\":\"SearchAction\",\"target\":{\"@type\":\"EntryPoint\",\"urlTemplate\":\"https:\/\/beworksmartnow.com\/?s={search_term_string}\"},\"query-input\":\"required name=search_term_string\"}],\"inLanguage\":\"de-DE\"}]}<\/script>\n<!-- \/ Yoast SEO plugin. -->","yoast_head_json":{"title":"Terms of Use - Be Work Smart Now","robots":{"index":"index","follow":"follow","max-snippet":"max-snippet:-1","max-image-preview":"max-image-preview:large","max-video-preview":"max-video-preview:-1"},"canonical":"https:\/\/beworksmartnow.com\/de\/terms-of-use\/","og_locale":"de_DE","og_type":"article","og_title":"Terms of Use - Be Work Smart Now","og_description":"Last updated: May 5, 2025 Be Work Smart Now is responsible for the management and operation of the platform available at https:\/\/beworksmartnow.com, which provides specialized content, in-depth analysis, and curated recommendations on free courses and job opportunities across various countries. Our goal is to assist users in discovering, evaluating, and selecting training programs and employment [&hellip;]","og_url":"https:\/\/beworksmartnow.com\/de\/terms-of-use\/","og_site_name":"Be Work Smart Now","article_modified_time":"2026-04-20T19:31:51+00:00","twitter_card":"summary_large_image","twitter_misc":{"Est. reading time":"9 Minuten"},"schema":{"@context":"https:\/\/schema.org","@graph":[{"@type":"WebPage","@id":"https:\/\/beworksmartnow.com\/terms-of-use\/","url":"https:\/\/beworksmartnow.com\/terms-of-use\/","name":"Terms of Use - Be Work Smart Now","isPartOf":{"@id":"https:\/\/beworksmartnow.com\/#website"},"datePublished":"2025-05-05T17:08:57+00:00","dateModified":"2026-04-20T19:31:51+00:00","breadcrumb":{"@id":"https:\/\/beworksmartnow.com\/terms-of-use\/#breadcrumb"},"inLanguage":"de-DE","potentialAction":[{"@type":"ReadAction","target":["https:\/\/beworksmartnow.com\/terms-of-use\/"]}]},{"@type":"BreadcrumbList","@id":"https:\/\/beworksmartnow.com\/terms-of-use\/#breadcrumb","itemListElement":[{"@type":"ListItem","position":1,"name":"Home","item":"https:\/\/beworksmartnow.com\/"},{"@type":"ListItem","position":2,"name":"Terms of Use"}]},{"@type":"WebSite","@id":"https:\/\/beworksmartnow.com\/#website","url":"https:\/\/beworksmartnow.com\/","name":"Be Work Smart Now","description":"","potentialAction":[{"@type":"SearchAction","target":{"@type":"EntryPoint","urlTemplate":"https:\/\/beworksmartnow.com\/?s={search_term_string}"},"query-input":"required name=search_term_string"}],"inLanguage":"de-DE"}]}},"_links":{"self":[{"href":"https:\/\/beworksmartnow.com\/de\/wp-json\/wp\/v2\/pages\/148"}],"collection":[{"href":"https:\/\/beworksmartnow.com\/de\/wp-json\/wp\/v2\/pages"}],"about":[{"href":"https:\/\/beworksmartnow.com\/de\/wp-json\/wp\/v2\/types\/page"}],"author":[{"embeddable":true,"href":"https:\/\/beworksmartnow.com\/de\/wp-json\/wp\/v2\/users\/6"}],"replies":[{"embeddable":true,"href":"https:\/\/beworksmartnow.com\/de\/wp-json\/wp\/v2\/comments?post=148"}],"version-history":[{"count":6,"href":"https:\/\/beworksmartnow.com\/de\/wp-json\/wp\/v2\/pages\/148\/revisions"}],"predecessor-version":[{"id":538,"href":"https:\/\/beworksmartnow.com\/de\/wp-json\/wp\/v2\/pages\/148\/revisions\/538"}],"wp:attachment":[{"href":"https:\/\/beworksmartnow.com\/de\/wp-json\/wp\/v2\/media?parent=148"}],"curies":[{"name":"wp","href":"https:\/\/api.w.org\/{rel}","templated":true}]}}