{"id":150,"date":"2025-05-05T17:09:31","date_gmt":"2025-05-05T17:09:31","guid":{"rendered":"https:\/\/beworksmartnow.com\/?page_id=150"},"modified":"2025-11-12T18:24:03","modified_gmt":"2025-11-12T18:24:03","slug":"about-us","status":"publish","type":"page","link":"https:\/\/beworksmartnow.com\/de\/about-us\/","title":{"rendered":"\u00dcber uns"},"content":{"rendered":"<p>Willkommen bei Be Work Smart Now, Ihrer zuverl\u00e4ssigen Quelle f\u00fcr alles rund um berufliche Entwicklung und Karrierechancen. Wir bieten Ihnen die besten kostenlosen Kurse, Stellenangebote und praktischen Tipps, um Ihren Weg auf dem Arbeitsmarkt zu erleichtern.<\/p>\n\n\n\n<p>Ob Sie Ihren ersten Job suchen, einen beruflichen Wechsel planen oder neue F\u00e4higkeiten f\u00fcr Ihre Karriere erlernen m\u00f6chten \u2013 Be Work Smart Now unterst\u00fctzt, informiert und inspiriert Sie. Wir glauben, dass der Zugang zu den richtigen Informationen Leben ver\u00e4ndern kann \u2013 und genau das treibt uns t\u00e4glich an.<\/p>\n\n\n\n<h2 class=\"wp-block-heading\">Wer wir sind<\/h2>\n\n\n\n<p>Be Work Smart Now wird von einem engagierten Team unterst\u00fctzt, das sich f\u00fcr Bildung, Besch\u00e4ftigungsf\u00e4higkeit und Lebensver\u00e4nderung durch freies Wissen einsetzt. Wir sind spezialisiert auf die Recherche, Auswahl und Analyse der besten verf\u00fcgbaren Kurse und Jobm\u00f6glichkeiten, um Ihnen zu helfen, fundiertere Karriereentscheidungen zu treffen.<\/p>\n\n\n\n<p>Unser Ziel ist es, die Barrieren zwischen Ihnen und Ihrer beruflichen Zukunft zu beseitigen, indem wir Ihnen fundierte, praxisnahe und leicht zug\u00e4ngliche Inhalte liefern. Von Kursempfehlungen bis hin zu Schritt-f\u00fcr-Schritt-Anleitungen f\u00fcr die Bewerbung begleiten wir Sie auf Ihrem Weg zu Wachstum und Erf\u00fcllung.<\/p>\n\n\n\n<h2 class=\"wp-block-heading\">Unser Angebot<\/h2>\n\n\n\n<p>Bei Be Work Smart Now erstellen wir ma\u00dfgeschneiderte Inhalte sowohl f\u00fcr Berufseinsteiger als auch f\u00fcr Fachkr\u00e4fte, die sich weiterentwickeln und weiterbilden m\u00f6chten. Hier finden Sie:<\/p>\n\n\n\n<p>\u2714 <strong>Top-Auswahl an kostenlosen Kursen<\/strong> \u2013 Entdecken Sie hochwertige Online-Kurse, um Ihren Lebenslauf aufzuwerten, neue F\u00e4higkeiten zu erlernen und Ihre Einstellungschancen zu verbessern.<\/p>\n\n\n\n<p>\u2714 <strong>Praktische Schritt-f\u00fcr-Schritt-Anleitungen<\/strong> \u2013 Erfahren Sie mit leicht verst\u00e4ndlichen Tutorials, die f\u00fcr alle Benutzer zug\u00e4nglich sind, wie Sie sich auf Stellen bewerben, auf Studienplattformen navigieren und Chancen nutzen.<\/p>\n\n\n\n<p>\u2714 <strong>Aktuelle Marktinformationen<\/strong> \u2013 Bleiben Sie \u00fcber aktuelle Stellenangebote nationaler und internationaler Unternehmen sowie Trends in der beruflichen Qualifizierung informiert.<\/p>\n\n\n\n<p>\u2714 <strong>Analyse der Karrierechancen<\/strong> \u2013 Erkunden Sie Vergleiche und Bewertungen, die Ihnen helfen herauszufinden, welcher Kurs oder Job am besten zu Ihrem Profil und Ihren Zielen passt.<\/p>\n\n\n\n<p>\u2714 <strong>Unvoreingenommene und strategische Empfehlungen<\/strong> \u2013 Unsere Vorschl\u00e4ge basieren auf sorgf\u00e4ltiger Recherche und Vertrauensw\u00fcrdigkeit, sodass Sie sichere Entscheidungen \u00fcber Ihre Ausbildung und Karriere treffen k\u00f6nnen.<\/p>\n\n\n\n<h2 class=\"wp-block-heading\">Rechtliche Hinweise<\/h2>\n\n\n\n<p>Be Work Smart Now fungiert als unabh\u00e4ngige Informationsquelle zu beruflichen Qualifikationen und Karrierechancen und steht in keiner Verbindung oder Partnerschaft mit den auf unserer Website genannten Unternehmen, Bildungseinrichtungen oder Marken.<\/p>\n\n\n\n<p>Alle ver\u00f6ffentlichten Inhalte \u2013 einschlie\u00dflich Rezensionen, Leitf\u00e4den und Empfehlungen \u2013 dienen ausschlie\u00dflich Informationszwecken und stellen keine Empfehlung, kein Sponsoring oder keine Erfolgsgarantie dar. Unsere Ver\u00f6ffentlichungen basieren auf gr\u00fcndlicher Recherche und unparteiischen Bewertungen und bieten wertvolle Einblicke f\u00fcr alle, die kostenlose Kurse oder neue Jobm\u00f6glichkeiten suchen.<\/p>\n\n\n\n<p>Obwohl wir um Genauigkeit und Neutralit\u00e4t bem\u00fcht sind, empfehlen wir den Lesern dringend, eigene Pr\u00fcfungen durchzuf\u00fchren, bevor sie auf Grundlage der bereitgestellten Informationen Entscheidungen treffen.<\/p>\n\n\n\n<p>Unsere Mission ist klar: Wir liefern Ihnen zuverl\u00e4ssige und fundierte Inhalte, damit Sie Ihren Karriereweg selbstbewusst und autonom gestalten k\u00f6nnen.<\/p>","protected":false},"excerpt":{"rendered":"<p>Willkommen bei Be Work Smart Now, Ihrer zuverl\u00e4ssigen Quelle f\u00fcr alles rund um berufliche Entwicklung und Karrierechancen. Wir bieten Ihnen die besten kostenlosen Kurse, Stellenangebote und praktischen Tipps, um Ihren Weg auf dem Arbeitsmarkt zu erleichtern. Egal, ob Sie Ihren ersten Job, einen beruflichen Wechsel oder eine neue F\u00e4higkeit suchen [\u2026]<\/p>","protected":false},"author":6,"featured_media":0,"parent":0,"menu_order":0,"comment_status":"closed","ping_status":"closed","template":"page-nosidebar.php","meta":{"footnotes":""},"yoast_head":"<!-- This site is optimized with the Yoast SEO plugin v23.3 - https:\/\/yoast.com\/wordpress\/plugins\/seo\/ -->\n<title>About Us - Be Work Smart Now<\/title>\n<meta name=\"robots\" content=\"index, follow, max-snippet:-1, max-image-preview:large, max-video-preview:-1\" \/>\n<link rel=\"canonical\" href=\"https:\/\/beworksmartnow.com\/de\/about-us\/\" \/>\n<meta property=\"og:locale\" content=\"de_DE\" \/>\n<meta property=\"og:type\" content=\"article\" \/>\n<meta property=\"og:title\" content=\"About Us - Be Work Smart Now\" \/>\n<meta property=\"og:description\" content=\"Welcome to Be Work Smart Now, your trusted source for everything related to professional development and career opportunities. Our mission is to connect you with the best free courses, job openings, and practical guidance to boost your journey in the job market. Whether you&#8217;re seeking your first job, a professional transition, or a new skill [&hellip;]\" \/>\n<meta property=\"og:url\" content=\"https:\/\/beworksmartnow.com\/de\/about-us\/\" \/>\n<meta property=\"og:site_name\" content=\"Be Work Smart Now\" \/>\n<meta property=\"article:modified_time\" content=\"2025-11-12T18:24:03+00:00\" \/>\n<meta name=\"twitter:card\" content=\"summary_large_image\" \/>\n<meta name=\"twitter:label1\" content=\"Est. reading time\" \/>\n\t<meta name=\"twitter:data1\" content=\"2 Minuten\" \/>\n<script type=\"application\/ld+json\" class=\"yoast-schema-graph\">{\"@context\":\"https:\/\/schema.org\",\"@graph\":[{\"@type\":\"WebPage\",\"@id\":\"https:\/\/beworksmartnow.com\/about-us\/\",\"url\":\"https:\/\/beworksmartnow.com\/about-us\/\",\"name\":\"About Us - Be Work Smart Now\",\"isPartOf\":{\"@id\":\"https:\/\/beworksmartnow.com\/#website\"},\"datePublished\":\"2025-05-05T17:09:31+00:00\",\"dateModified\":\"2025-11-12T18:24:03+00:00\",\"breadcrumb\":{\"@id\":\"https:\/\/beworksmartnow.com\/about-us\/#breadcrumb\"},\"inLanguage\":\"de-DE\",\"potentialAction\":[{\"@type\":\"ReadAction\",\"target\":[\"https:\/\/beworksmartnow.com\/about-us\/\"]}]},{\"@type\":\"BreadcrumbList\",\"@id\":\"https:\/\/beworksmartnow.com\/about-us\/#breadcrumb\",\"itemListElement\":[{\"@type\":\"ListItem\",\"position\":1,\"name\":\"Home\",\"item\":\"https:\/\/beworksmartnow.com\/\"},{\"@type\":\"ListItem\",\"position\":2,\"name\":\"About Us\"}]},{\"@type\":\"WebSite\",\"@id\":\"https:\/\/beworksmartnow.com\/#website\",\"url\":\"https:\/\/beworksmartnow.com\/\",\"name\":\"Be Work Smart Now\",\"description\":\"\",\"potentialAction\":[{\"@type\":\"SearchAction\",\"target\":{\"@type\":\"EntryPoint\",\"urlTemplate\":\"https:\/\/beworksmartnow.com\/?s={search_term_string}\"},\"query-input\":\"required name=search_term_string\"}],\"inLanguage\":\"de-DE\"}]}<\/script>\n<!-- \/ Yoast SEO plugin. -->","yoast_head_json":{"title":"About Us - Be Work Smart Now","robots":{"index":"index","follow":"follow","max-snippet":"max-snippet:-1","max-image-preview":"max-image-preview:large","max-video-preview":"max-video-preview:-1"},"canonical":"https:\/\/beworksmartnow.com\/de\/about-us\/","og_locale":"de_DE","og_type":"article","og_title":"About Us - Be Work Smart Now","og_description":"Welcome to Be Work Smart Now, your trusted source for everything related to professional development and career opportunities. Our mission is to connect you with the best free courses, job openings, and practical guidance to boost your journey in the job market. Whether you&#8217;re seeking your first job, a professional transition, or a new skill [&hellip;]","og_url":"https:\/\/beworksmartnow.com\/de\/about-us\/","og_site_name":"Be Work Smart Now","article_modified_time":"2025-11-12T18:24:03+00:00","twitter_card":"summary_large_image","twitter_misc":{"Est. reading time":"2 Minuten"},"schema":{"@context":"https:\/\/schema.org","@graph":[{"@type":"WebPage","@id":"https:\/\/beworksmartnow.com\/about-us\/","url":"https:\/\/beworksmartnow.com\/about-us\/","name":"About Us - Be Work Smart Now","isPartOf":{"@id":"https:\/\/beworksmartnow.com\/#website"},"datePublished":"2025-05-05T17:09:31+00:00","dateModified":"2025-11-12T18:24:03+00:00","breadcrumb":{"@id":"https:\/\/beworksmartnow.com\/about-us\/#breadcrumb"},"inLanguage":"de-DE","potentialAction":[{"@type":"ReadAction","target":["https:\/\/beworksmartnow.com\/about-us\/"]}]},{"@type":"BreadcrumbList","@id":"https:\/\/beworksmartnow.com\/about-us\/#breadcrumb","itemListElement":[{"@type":"ListItem","position":1,"name":"Home","item":"https:\/\/beworksmartnow.com\/"},{"@type":"ListItem","position":2,"name":"About Us"}]},{"@type":"WebSite","@id":"https:\/\/beworksmartnow.com\/#website","url":"https:\/\/beworksmartnow.com\/","name":"Be Work Smart Now","description":"","potentialAction":[{"@type":"SearchAction","target":{"@type":"EntryPoint","urlTemplate":"https:\/\/beworksmartnow.com\/?s={search_term_string}"},"query-input":"required name=search_term_string"}],"inLanguage":"de-DE"}]}},"_links":{"self":[{"href":"https:\/\/beworksmartnow.com\/de\/wp-json\/wp\/v2\/pages\/150"}],"collection":[{"href":"https:\/\/beworksmartnow.com\/de\/wp-json\/wp\/v2\/pages"}],"about":[{"href":"https:\/\/beworksmartnow.com\/de\/wp-json\/wp\/v2\/types\/page"}],"author":[{"embeddable":true,"href":"https:\/\/beworksmartnow.com\/de\/wp-json\/wp\/v2\/users\/6"}],"replies":[{"embeddable":true,"href":"https:\/\/beworksmartnow.com\/de\/wp-json\/wp\/v2\/comments?post=150"}],"version-history":[{"count":1,"href":"https:\/\/beworksmartnow.com\/de\/wp-json\/wp\/v2\/pages\/150\/revisions"}],"predecessor-version":[{"id":151,"href":"https:\/\/beworksmartnow.com\/de\/wp-json\/wp\/v2\/pages\/150\/revisions\/151"}],"wp:attachment":[{"href":"https:\/\/beworksmartnow.com\/de\/wp-json\/wp\/v2\/media?parent=150"}],"curies":[{"name":"wp","href":"https:\/\/api.w.org\/{rel}","templated":true}]}}